{"id":571,"date":"2021-01-12T13:16:18","date_gmt":"2021-01-12T12:16:18","guid":{"rendered":"https:\/\/104.248.174.245\/bokeh\/multi\/?page_id=571"},"modified":"2025-03-12T11:01:27","modified_gmt":"2025-03-12T10:01:27","slug":"qui-suis-je","status":"publish","type":"page","link":"https:\/\/www.dorinemansuy.fr\/photographe\/qui-suis-je\/","title":{"rendered":"A propos de moi"},"content":{"rendered":"\t\t<div data-elementor-type=\"wp-page\" data-elementor-id=\"571\" class=\"elementor elementor-571\" data-elementor-post-type=\"page\">\n\t\t\t\t\t\t<section class=\"elementor-section elementor-top-section elementor-element elementor-element-14a750f elementor-section-boxed elementor-section-height-default elementor-section-height-default\" data-id=\"14a750f\" data-element_type=\"section\" data-e-type=\"section\" data-settings=\"{&quot;background_background&quot;:&quot;classic&quot;}\">\n\t\t\t\t\t\t<div class=\"elementor-container elementor-column-gap-default\">\n\t\t\t\t\t<div class=\"elementor-column elementor-col-100 elementor-top-column elementor-element elementor-element-b4870cd\" data-id=\"b4870cd\" data-element_type=\"column\" data-e-type=\"column\">\n\t\t\t<div class=\"elementor-widget-wrap elementor-element-populated\">\n\t\t\t\t\t\t<div class=\"fl-custom-animation-22c6130 fl-animated-item-velocity elementor-element elementor-element-22c6130 elementor-widget elementor-widget-welcome-section\" data-animate-type=\"slideUpIn\" data-item-delay=\"50\" data-id=\"22c6130\" data-element_type=\"widget\" data-e-type=\"widget\" data-settings=\"{&quot;templines_animation_delay&quot;:50}\" data-widget_type=\"welcome-section.default\">\n\t\t\t\t<div class=\"elementor-widget-container\">\n\t\t\t\t\t\r\n        <section class=\"art-welcome-section\">\r\n\r\n            <div class=\"container\">\r\n\r\n                <div class=\"row\">\r\n\r\n                    <div class=\"col-md-5 art-welcome-section-left\">\r\n                        <div class=\"art-welcome-image\">\r\n                            <img decoding=\"async\" src=\"https:\/\/www.dorinemansuy.fr\/photographe\/wp-content\/uploads\/2022\/01\/moi-2-scaled.jpg\" alt=\"Welcome image\">\r\n                        <\/div>\r\n                    <\/div>\r\n\r\n                    <div class=\"col-md-7 art-welcome-section-right\">\r\n                        <div class=\"art-welcome-section-right-data\">\r\n\r\n                            \r\n                                                            <h2 class=\"art-h1 art-welcome-section-title\">Bonjour je suis Dorine<\/h2>\r\n                            \r\n                                                            <div class=\"art-section-data art-body-two-font\"><p>On dit de moi que je ris fort, que je suis passionn\u00e9e, sensible, gourmande, voyageuse, douce et amoureuse.<\/p><p>D\u2019autres mauvaises langues diront aussi que, je suis t\u00eatue, maladroite, pas s\u00fbre de moi, \u00e9motive, pas sportive et que mes blagues ne font rire que moi, mais c\u2019est faux \ud83d\ude09<\/p><p>J\u2019ai commenc\u00e9 ma carri\u00e8re professionnelle dans l\u2019audiovisuel en tant que journaliste puis r\u00e9dac chef de programme TV. Apr\u00e8s 15 ans de bons et loyaux services, j\u2019entame un virage professionnel et passionnant en int\u00e9grant l\u2019Ecole de l\u2019Image des Gobelins \u00e0 Paris pendant un an. Suivront \u00e9galement des formations aupr\u00e8s de photographes de renoms, pour perfectionner ma technique.<\/p><p>Photographe professionnelle depuis 2018 et install\u00e9e dans l\u2019Oise, \u00e0 Gouvieux pr\u00e8s de Chantilly, je me suis sp\u00e9cialis\u00e9e dans la photographie de famille. Ce choix \u00e9tait pour moi une \u00e9vidence, par deux fois maman, je sais \u00e0 quel point le temps passe trop vite et qu\u2019il est important de se faire de jolis souvenirs. Quel plaisir d'\u00eatre \u00e0 vos c\u00f4t\u00e9s pour les plus beaux moments de votre vie!<\/p><p>A tr\u00e8s bient\u00f4t<br \/>Dorine<\/p><\/div>\r\n                            \r\n                        <\/div>\r\n                    <\/div>\r\n\r\n                <\/div>\r\n\r\n            <\/div><!-- \/.container -->\r\n\r\n        <\/section>\r\n\r\n        \t\t\t\t<\/div>\n\t\t\t\t<\/div>\n\t\t\t\t\t<\/div>\n\t\t<\/div>\n\t\t\t\t\t<\/div>\n\t\t<\/section>\n\t\t\t\t<section class=\"elementor-section elementor-top-section elementor-element elementor-element-ec2505c elementor-section-boxed elementor-section-height-default elementor-section-height-default\" data-id=\"ec2505c\" data-element_type=\"section\" data-e-type=\"section\" data-settings=\"{&quot;background_background&quot;:&quot;classic&quot;}\">\n\t\t\t\t\t\t<div class=\"elementor-container elementor-column-gap-default\">\n\t\t\t\t\t<div class=\"elementor-column elementor-col-100 elementor-top-column elementor-element elementor-element-66260a0\" data-id=\"66260a0\" data-element_type=\"column\" data-e-type=\"column\">\n\t\t\t<div class=\"elementor-widget-wrap elementor-element-populated\">\n\t\t\t\t\t\t<div class=\"fl-custom-animation-85d2ca1 fl-animated-item-velocity elementor-element elementor-element-85d2ca1 elementor-widget elementor-widget-heading\" data-animate-type=\"slideUpIn\" data-item-delay=\"50\" data-id=\"85d2ca1\" data-element_type=\"widget\" data-e-type=\"widget\" data-settings=\"{&quot;templines_animation_delay&quot;:50}\" data-widget_type=\"heading.default\">\n\t\t\t\t<div class=\"elementor-widget-container\">\n\t\t\t\t\t<h2 class=\"elementor-heading-title elementor-size-default\">R\u00e9servez votre s\u00e9ance<\/h2>\t\t\t\t<\/div>\n\t\t\t\t<\/div>\n\t\t\t\t<div class=\"fl-custom-animation-075a2fc fl-animated-item-velocity elementor-element elementor-element-075a2fc elementor-widget elementor-widget-text-editor\" data-animate-type=\"slideUpIn\" data-item-delay=\"50\" data-id=\"075a2fc\" data-element_type=\"widget\" data-e-type=\"widget\" data-settings=\"{&quot;templines_animation_delay&quot;:50}\" data-widget_type=\"text-editor.default\">\n\t\t\t\t<div class=\"elementor-widget-container\">\n\t\t\t\t\t\t\t\t\t<p>Parlez-moi de la s\u00e9ance photo que vous souhaiteriez r\u00e9aliser, je prendrai contact avec vous rapidement.<\/p>\t\t\t\t\t\t\t\t<\/div>\n\t\t\t\t<\/div>\n\t\t\t\t<div class=\"fl-custom-animation-3d28db7 fl-animated-item-velocity elementor-element elementor-element-3d28db7 content-align-center elementor-widget elementor-widget-art-light-button\" data-animate-type=\"slideUpIn\" data-item-delay=\"50\" data-id=\"3d28db7\" data-element_type=\"widget\" data-e-type=\"widget\" data-settings=\"{&quot;templines_animation_delay&quot;:50}\" data-widget_type=\"art-light-button.default\">\n\t\t\t\t<div class=\"elementor-widget-container\">\n\t\t\t\t\t\n\n        \n                    <div class=\"art-widget-button art--aliment-center art--aliment-tablet- art--aliment-mobile-\">\n                        <a href=\"#art-default-popap-69d983de19728\" class=\"art-button art-button-light art-open-custom-popup\">Prendre rendez-vous<\/a>\n                    <\/div>\n\n                    <div id=\"art-default-popap-69d983de19728\" class=\"zoom-anim-dialog art-default-popap-two mfp-hide\">\n\n                        <h2 class=\"art-form-title\">Demande de r\u00e9servation<\/h2>\n                        <div class=\"art-form-description\"><p>Merci de laisser vos coordonn\u00e9es et de d\u00e9tailler votre demande. Je vous r\u00e9pondrai dans les meilleurs d\u00e9lais<\/p><\/div>\n                        <div class=\"art-form-wrapper\">\n                            \n<div class=\"wpcf7 no-js\" id=\"wpcf7-f4270-o1\" lang=\"fr-FR\" dir=\"ltr\" data-wpcf7-id=\"4270\">\n<div class=\"screen-reader-response\"><p role=\"status\" aria-live=\"polite\" aria-atomic=\"true\"><\/p> <ul><\/ul><\/div>\n<form action=\"\/photographe\/wp-json\/wp\/v2\/pages\/571#wpcf7-f4270-o1\" method=\"post\" class=\"wpcf7-form init\" aria-label=\"Formulaire de contact\" novalidate=\"novalidate\" data-status=\"init\">\n<fieldset class=\"hidden-fields-container\"><input type=\"hidden\" name=\"_wpcf7\" value=\"4270\" \/><input type=\"hidden\" name=\"_wpcf7_version\" value=\"6.1.5\" \/><input type=\"hidden\" name=\"_wpcf7_locale\" value=\"fr_FR\" \/><input type=\"hidden\" name=\"_wpcf7_unit_tag\" value=\"wpcf7-f4270-o1\" \/><input type=\"hidden\" name=\"_wpcf7_container_post\" value=\"0\" \/><input type=\"hidden\" name=\"_wpcf7_posted_data_hash\" value=\"\" \/>\n<\/fieldset>\n<p><iframe width=\"100%\" height=\"1000\" src=\"https:\/\/www.fotostudio.io\/lead_forms\/424\" frameborder=\"0\" allowfullscreen><\/iframe>\n<\/p><div class=\"wpcf7-response-output\" aria-hidden=\"true\"><\/div>\n<\/form>\n<\/div>\n                        <\/div>\n\n                    <\/div>\n\n                \n\n\n\t\t\t\t\t\t<\/div>\n\t\t\t\t<\/div>\n\t\t\t\t\t<\/div>\n\t\t<\/div>\n\t\t\t\t\t<\/div>\n\t\t<\/section>\n\t\t\t\t<section class=\"elementor-section elementor-top-section elementor-element elementor-element-85d4773 elementor-section-boxed elementor-section-height-default elementor-section-height-default\" data-id=\"85d4773\" data-element_type=\"section\" data-e-type=\"section\" data-settings=\"{&quot;background_background&quot;:&quot;classic&quot;}\">\n\t\t\t\t\t\t<div class=\"elementor-container elementor-column-gap-default\">\n\t\t\t\t\t<div class=\"elementor-column elementor-col-100 elementor-top-column elementor-element elementor-element-888e425\" data-id=\"888e425\" data-element_type=\"column\" data-e-type=\"column\">\n\t\t\t<div class=\"elementor-widget-wrap elementor-element-populated\">\n\t\t\t\t\t\t<div class=\"elementor-element elementor-element-8db7090 elementor-widget elementor-widget-heading\" data-id=\"8db7090\" data-element_type=\"widget\" data-e-type=\"widget\" data-widget_type=\"heading.default\">\n\t\t\t\t<div class=\"elementor-widget-container\">\n\t\t\t\t\t<h2 class=\"elementor-heading-title elementor-size-default\">Instagram<\/h2>\t\t\t\t<\/div>\n\t\t\t\t<\/div>\n\t\t\t\t<div class=\"elementor-element elementor-element-9e9b773 elementor-widget elementor-widget-instagram-two\" data-id=\"9e9b773\" data-element_type=\"widget\" data-e-type=\"widget\" data-widget_type=\"instagram-two.default\">\n\t\t\t\t<div class=\"elementor-widget-container\">\n\t\t\t\t\t\n\t\t<div class=\"art-insta-widget-wrapper\">\n\t\t\t\t\t<div id=\"instagram-gallery-feed-1\" class=\"instagram-gallery-feed\" data-feed=\"{&quot;id&quot;:1,&quot;account_id&quot;:&quot;3799796840144353&quot;,&quot;source&quot;:&quot;username&quot;,&quot;tag&quot;:&quot;wordpress&quot;,&quot;order_by&quot;:&quot;top_media&quot;,&quot;layout&quot;:&quot;gallery&quot;,&quot;limit&quot;:7,&quot;columns&quot;:3,&quot;spacing&quot;:10,&quot;lazy&quot;:true,&quot;responsive&quot;:{&quot;desktop&quot;:{&quot;columns&quot;:3,&quot;spacing&quot;:10},&quot;tablet&quot;:{&quot;columns&quot;:2,&quot;spacing&quot;:8},&quot;mobile&quot;:{&quot;columns&quot;:1,&quot;spacing&quot;:6},&quot;breakpoints&quot;:{&quot;tablet&quot;:768,&quot;mobile&quot;:480}},&quot;aspect_ratio&quot;:{&quot;width&quot;:1,&quot;height&quot;:1},&quot;highlight&quot;:{&quot;tag&quot;:&quot;&quot;,&quot;id&quot;:&quot;&quot;,&quot;position&quot;:&quot;1,3,5&quot;},&quot;reel&quot;:{&quot;hide&quot;:true},&quot;copyright&quot;:{&quot;hide&quot;:false,&quot;placeholder&quot;:&quot;&quot;},&quot;profile&quot;:{&quot;display&quot;:false,&quot;username&quot;:&quot;&quot;,&quot;nickname&quot;:&quot;&quot;,&quot;website&quot;:&quot;&quot;,&quot;biography&quot;:&quot;&quot;,&quot;link_text&quot;:&quot;Follow&quot;,&quot;website_text&quot;:&quot;Website&quot;,&quot;avatar&quot;:&quot;&quot;},&quot;box&quot;:{&quot;display&quot;:false,&quot;padding&quot;:1,&quot;radius&quot;:0,&quot;background&quot;:&quot;#fefefe&quot;,&quot;profile&quot;:false,&quot;desc&quot;:&quot;&quot;,&quot;text_color&quot;:&quot;#000000&quot;},&quot;mask&quot;:{&quot;display&quot;:true,&quot;background&quot;:&quot;rgba(0,0,0,0.4)&quot;,&quot;icon_color&quot;:&quot;#ffffff&quot;,&quot;likes_count&quot;:true,&quot;comments_count&quot;:true},&quot;card&quot;:{&quot;display&quot;:false,&quot;radius&quot;:1,&quot;font_size&quot;:12,&quot;background&quot;:&quot;#ffffff&quot;,&quot;background_hover&quot;:&quot;&quot;,&quot;text_color&quot;:&quot;#000000&quot;,&quot;padding&quot;:5,&quot;likes_count&quot;:true,&quot;text_length&quot;:10,&quot;comments_count&quot;:true,&quot;text_align&quot;:&quot;left&quot;},&quot;carousel&quot;:{&quot;centered_slides&quot;:false,&quot;autoplay&quot;:false,&quot;autoplay_interval&quot;:3000,&quot;navarrows&quot;:true,&quot;navarrows_color&quot;:&quot;&quot;,&quot;pagination&quot;:true,&quot;pagination_color&quot;:&quot;&quot;},&quot;modal&quot;:{&quot;display&quot;:false,&quot;profile&quot;:false,&quot;media_description&quot;:true,&quot;likes_count&quot;:true,&quot;comments_count&quot;:true,&quot;comments_list&quot;:false,&quot;text_align&quot;:&quot;left&quot;,&quot;modal_align&quot;:&quot;right&quot;,&quot;text_length&quot;:10000,&quot;font_size&quot;:12},&quot;button&quot;:{&quot;display&quot;:false,&quot;text&quot;:&quot;Voir ma page Instagram&quot;,&quot;text_color&quot;:&quot;#ffff&quot;,&quot;background&quot;:&quot;&quot;,&quot;background_hover&quot;:&quot;&quot;},&quot;button_load&quot;:{&quot;display&quot;:false,&quot;text&quot;:&quot;Load more...&quot;,&quot;text_color&quot;:&quot;#ffff&quot;,&quot;background&quot;:&quot;&quot;,&quot;background_hover&quot;:&quot;&quot;}}\">\n\t\t<!-- <FeedContainer\/> -->\n\t\t<\/div>\n\t\t\t\t<\/div>\n\n\t\t\t\t\t\t<\/div>\n\t\t\t\t<\/div>\n\t\t\t\t\t<\/div>\n\t\t<\/div>\n\t\t\t\t\t<\/div>\n\t\t<\/section>\n\t\t\t\t<\/div>\n\t\t","protected":false},"excerpt":{"rendered":"<p>R\u00e9servez votre s\u00e9ance Parlez-moi de la s\u00e9ance photo que vous souhaiteriez r\u00e9aliser, je prendrai contact avec vous rapidement. Instagram<\/p>\n","protected":false},"author":2,"featured_media":0,"parent":0,"menu_order":0,"comment_status":"closed","ping_status":"closed","template":"elementor-template.php","meta":{"inline_featured_image":false,"footnotes":""},"class_list":["post-571","page","type-page","status-publish","hentry"],"aioseo_notices":[],"_links":{"self":[{"href":"https:\/\/www.dorinemansuy.fr\/photographe\/wp-json\/wp\/v2\/pages\/571","targetHints":{"allow":["GET"]}}],"collection":[{"href":"https:\/\/www.dorinemansuy.fr\/photographe\/wp-json\/wp\/v2\/pages"}],"about":[{"href":"https:\/\/www.dorinemansuy.fr\/photographe\/wp-json\/wp\/v2\/types\/page"}],"author":[{"embeddable":true,"href":"https:\/\/www.dorinemansuy.fr\/photographe\/wp-json\/wp\/v2\/users\/2"}],"replies":[{"embeddable":true,"href":"https:\/\/www.dorinemansuy.fr\/photographe\/wp-json\/wp\/v2\/comments?post=571"}],"version-history":[{"count":76,"href":"https:\/\/www.dorinemansuy.fr\/photographe\/wp-json\/wp\/v2\/pages\/571\/revisions"}],"predecessor-version":[{"id":5648,"href":"https:\/\/www.dorinemansuy.fr\/photographe\/wp-json\/wp\/v2\/pages\/571\/revisions\/5648"}],"wp:attachment":[{"href":"https:\/\/www.dorinemansuy.fr\/photographe\/wp-json\/wp\/v2\/media?parent=571"}],"curies":[{"name":"wp","href":"https:\/\/api.w.org\/{rel}","templated":true}]}}