{"id":4921,"date":"2022-09-17T19:40:41","date_gmt":"2022-09-17T17:40:41","guid":{"rendered":"https:\/\/dorinemansuy.fr\/qualif\/?page_id=4921"},"modified":"2025-03-12T11:03:56","modified_gmt":"2025-03-12T10:03:56","slug":"studio","status":"publish","type":"page","link":"https:\/\/www.dorinemansuy.fr\/photographe\/studio\/","title":{"rendered":"Mon studio"},"content":{"rendered":"\t\t<div data-elementor-type=\"wp-page\" data-elementor-id=\"4921\" class=\"elementor elementor-4921\" data-elementor-post-type=\"page\">\n\t\t\t\t\t\t<section class=\"elementor-section elementor-top-section elementor-element elementor-element-142f79c elementor-section-boxed elementor-section-height-default elementor-section-height-default\" data-id=\"142f79c\" data-element_type=\"section\" data-e-type=\"section\" data-settings=\"{&quot;background_background&quot;:&quot;classic&quot;}\">\n\t\t\t\t\t\t<div class=\"elementor-container elementor-column-gap-default\">\n\t\t\t\t\t<div class=\"elementor-column elementor-col-100 elementor-top-column elementor-element elementor-element-a3fecdf\" data-id=\"a3fecdf\" data-element_type=\"column\" data-e-type=\"column\">\n\t\t\t<div class=\"elementor-widget-wrap elementor-element-populated\">\n\t\t\t\t\t\t<div class=\"elementor-element elementor-element-7244b5c elementor-widget elementor-widget-heading\" data-id=\"7244b5c\" data-element_type=\"widget\" data-e-type=\"widget\" data-widget_type=\"heading.default\">\n\t\t\t\t<div class=\"elementor-widget-container\">\n\t\t\t\t\t<h1 class=\"elementor-heading-title elementor-size-default\">Le studio<\/h1>\t\t\t\t<\/div>\n\t\t\t\t<\/div>\n\t\t\t\t\t<\/div>\n\t\t<\/div>\n\t\t\t\t\t<\/div>\n\t\t<\/section>\n\t\t\t\t<section class=\"elementor-section elementor-top-section elementor-element elementor-element-c7de7fc elementor-section-boxed elementor-section-height-default elementor-section-height-default\" data-id=\"c7de7fc\" data-element_type=\"section\" data-e-type=\"section\" data-settings=\"{&quot;background_background&quot;:&quot;classic&quot;}\">\n\t\t\t\t\t\t<div class=\"elementor-container elementor-column-gap-default\">\n\t\t\t\t\t<div class=\"elementor-column elementor-col-100 elementor-top-column elementor-element elementor-element-b13663a\" data-id=\"b13663a\" data-element_type=\"column\" data-e-type=\"column\">\n\t\t\t<div class=\"elementor-widget-wrap elementor-element-populated\">\n\t\t\t\t\t\t<div class=\"elementor-element elementor-element-28da661 elementor-widget elementor-widget-text-editor\" data-id=\"28da661\" data-element_type=\"widget\" data-e-type=\"widget\" data-widget_type=\"text-editor.default\">\n\t\t\t\t<div class=\"elementor-widget-container\">\n\t\t\t\t\t\t\t\t\t<h2>Studio de photographies<\/h2><p>Uniquement sur rendez-vous<\/p><p>Dorine Mansuy Photographe<\/p><p>18 Rue de La Treille &#8211; 60270 &#8211;\u00a0 Gouvieux<\/p>\t\t\t\t\t\t\t\t<\/div>\n\t\t\t\t<\/div>\n\t\t\t\t\t<\/div>\n\t\t<\/div>\n\t\t\t\t\t<\/div>\n\t\t<\/section>\n\t\t\t\t<section class=\"elementor-section elementor-top-section elementor-element elementor-element-c0f72aa elementor-section-boxed elementor-section-height-default elementor-section-height-default\" data-id=\"c0f72aa\" data-element_type=\"section\" data-e-type=\"section\" data-settings=\"{&quot;background_background&quot;:&quot;classic&quot;}\">\n\t\t\t\t\t\t<div class=\"elementor-container elementor-column-gap-default\">\n\t\t\t\t\t<div class=\"elementor-column elementor-col-50 elementor-top-column elementor-element elementor-element-4c31293\" data-id=\"4c31293\" data-element_type=\"column\" data-e-type=\"column\">\n\t\t\t<div class=\"elementor-widget-wrap elementor-element-populated\">\n\t\t\t\t\t\t<div class=\"elementor-element elementor-element-05d1ef5 elementor-widget elementor-widget-image\" data-id=\"05d1ef5\" data-element_type=\"widget\" data-e-type=\"widget\" data-widget_type=\"image.default\">\n\t\t\t\t<div class=\"elementor-widget-container\">\n\t\t\t\t\t\t\t\t\t\t\t\t\t\t\t<img fetchpriority=\"high\" decoding=\"async\" width=\"1024\" height=\"721\" src=\"https:\/\/www.dorinemansuy.fr\/photographe\/wp-content\/uploads\/2022\/12\/canape-1024x721.jpg\" class=\"attachment-large size-large wp-image-5347\" alt=\"\" srcset=\"https:\/\/www.dorinemansuy.fr\/photographe\/wp-content\/uploads\/2022\/12\/canape-1024x721.jpg 1024w, https:\/\/www.dorinemansuy.fr\/photographe\/wp-content\/uploads\/2022\/12\/canape-300x211.jpg 300w, https:\/\/www.dorinemansuy.fr\/photographe\/wp-content\/uploads\/2022\/12\/canape-768x540.jpg 768w, https:\/\/www.dorinemansuy.fr\/photographe\/wp-content\/uploads\/2022\/12\/canape-1536x1081.jpg 1536w, https:\/\/www.dorinemansuy.fr\/photographe\/wp-content\/uploads\/2022\/12\/canape-2048x1441.jpg 2048w\" sizes=\"(max-width: 1024px) 100vw, 1024px\" \/>\t\t\t\t\t\t\t\t\t\t\t\t\t\t\t<\/div>\n\t\t\t\t<\/div>\n\t\t\t\t\t<\/div>\n\t\t<\/div>\n\t\t\t\t<div class=\"elementor-column elementor-col-50 elementor-top-column elementor-element elementor-element-739e256\" data-id=\"739e256\" data-element_type=\"column\" data-e-type=\"column\">\n\t\t\t<div class=\"elementor-widget-wrap elementor-element-populated\">\n\t\t\t\t\t\t<div class=\"elementor-element elementor-element-9b9c1f0 elementor-widget elementor-widget-text-editor\" data-id=\"9b9c1f0\" data-element_type=\"widget\" data-e-type=\"widget\" data-widget_type=\"text-editor.default\">\n\t\t\t\t<div class=\"elementor-widget-container\">\n\t\t\t\t\t\t\t\t\t<h2>Accueil &amp; Confort<\/h2><p>Je vous accueille dans mon home studio situ\u00e9 \u00e0 Gouvieux \u00e0 quelques minutes de la gare de Chantilly. Un home studio, c\u2019est un studio photo professionnel situ\u00e9 dans un espace am\u00e9nag\u00e9 de mon domicile, qui vous est d\u00e9di\u00e9.<\/p><p>Avant chaque shooting, je vous re\u00e7ois dans mon salon autour d\u2019un caf\u00e9 ou th\u00e9 pour faire votre connaissance. Nous d\u00e9finissons ensemble les tenues et univers de la s\u00e9ance.<\/p><p>L\u2019avantage du home studio, c\u2019est de r\u00e9aliser une s\u00e9ance dans un cadre d\u00e9tendu, chaleureux et intimiste pour profiter pleinement de votre s\u00e9ance. C\u2019est un peu comme \u00e0 la maison, avec tout le confort pour les petits et les grands.<\/p>\t\t\t\t\t\t\t\t<\/div>\n\t\t\t\t<\/div>\n\t\t\t\t\t<\/div>\n\t\t<\/div>\n\t\t\t\t\t<\/div>\n\t\t<\/section>\n\t\t\t\t<section class=\"elementor-section elementor-top-section elementor-element elementor-element-8cad772 elementor-section-boxed elementor-section-height-default elementor-section-height-default\" data-id=\"8cad772\" data-element_type=\"section\" data-e-type=\"section\" data-settings=\"{&quot;background_background&quot;:&quot;classic&quot;}\">\n\t\t\t\t\t\t<div class=\"elementor-container elementor-column-gap-default\">\n\t\t\t\t\t<div class=\"elementor-column elementor-col-50 elementor-top-column elementor-element elementor-element-a2b5756\" data-id=\"a2b5756\" data-element_type=\"column\" data-e-type=\"column\">\n\t\t\t<div class=\"elementor-widget-wrap elementor-element-populated\">\n\t\t\t\t\t\t<div class=\"elementor-element elementor-element-1476a17 elementor-widget elementor-widget-text-editor\" data-id=\"1476a17\" data-element_type=\"widget\" data-e-type=\"widget\" data-widget_type=\"text-editor.default\">\n\t\t\t\t<div class=\"elementor-widget-container\">\n\t\t\t\t\t\t\t\t\t<h2>Dressing &amp; accessoires<\/h2><p>Pour chaque s\u00e9ance vous recevez un guide pour bien pr\u00e9parer votre shooting. Pour les s\u00e9ances grossesse et nouveau-n\u00e9, un dressing est mis \u00e0 votre disposition.<\/p><p>Pour les futures mamans, vous trouverez un large choix de tenues, \u00a0robes, d\u00e9shabill\u00e9s, body , voiles\u2026 pour mettre en valeur votre ventre qui s&rsquo;arrondit.<\/p><p>Pour les s\u00e9ances nouveau-n\u00e9, j\u2019aime accessoiriser et mettre en sc\u00e8ne, pour cela\u00a0 je dispose de nombreux wraps d\u2019emmaillotages, fleurs, petits lits, sceaux et autres contenants pour b\u00e9b\u00e9 mais aussi des tenues, bonnets et bandeaux \u2026 Quelques tenues 6-8 mois sont \u00e9galement disponibles.<\/p>\t\t\t\t\t\t\t\t<\/div>\n\t\t\t\t<\/div>\n\t\t\t\t\t<\/div>\n\t\t<\/div>\n\t\t\t\t<div class=\"elementor-column elementor-col-50 elementor-top-column elementor-element elementor-element-474f492\" data-id=\"474f492\" data-element_type=\"column\" data-e-type=\"column\">\n\t\t\t<div class=\"elementor-widget-wrap elementor-element-populated\">\n\t\t\t\t\t\t<div class=\"elementor-element elementor-element-fd7e64e elementor-widget elementor-widget-image\" data-id=\"fd7e64e\" data-element_type=\"widget\" data-e-type=\"widget\" data-widget_type=\"image.default\">\n\t\t\t\t<div class=\"elementor-widget-container\">\n\t\t\t\t\t\t\t\t\t\t\t\t\t\t\t<img decoding=\"async\" width=\"1024\" height=\"700\" src=\"https:\/\/www.dorinemansuy.fr\/photographe\/wp-content\/uploads\/2022\/11\/dressing-1024x700.jpg\" class=\"attachment-large size-large wp-image-5341\" alt=\"\" srcset=\"https:\/\/www.dorinemansuy.fr\/photographe\/wp-content\/uploads\/2022\/11\/dressing-1024x700.jpg 1024w, https:\/\/www.dorinemansuy.fr\/photographe\/wp-content\/uploads\/2022\/11\/dressing-300x205.jpg 300w, https:\/\/www.dorinemansuy.fr\/photographe\/wp-content\/uploads\/2022\/11\/dressing-768x525.jpg 768w, https:\/\/www.dorinemansuy.fr\/photographe\/wp-content\/uploads\/2022\/11\/dressing-1536x1051.jpg 1536w, https:\/\/www.dorinemansuy.fr\/photographe\/wp-content\/uploads\/2022\/11\/dressing-2048x1401.jpg 2048w\" sizes=\"(max-width: 1024px) 100vw, 1024px\" \/>\t\t\t\t\t\t\t\t\t\t\t\t\t\t\t<\/div>\n\t\t\t\t<\/div>\n\t\t\t\t\t<\/div>\n\t\t<\/div>\n\t\t\t\t\t<\/div>\n\t\t<\/section>\n\t\t\t\t<section class=\"elementor-section elementor-top-section elementor-element elementor-element-579a7d2 elementor-section-boxed elementor-section-height-default elementor-section-height-default\" data-id=\"579a7d2\" data-element_type=\"section\" data-e-type=\"section\" data-settings=\"{&quot;background_background&quot;:&quot;classic&quot;}\">\n\t\t\t\t\t\t<div class=\"elementor-container elementor-column-gap-default\">\n\t\t\t\t\t<div class=\"elementor-column elementor-col-50 elementor-top-column elementor-element elementor-element-ee5ed2d\" data-id=\"ee5ed2d\" data-element_type=\"column\" data-e-type=\"column\">\n\t\t\t<div class=\"elementor-widget-wrap elementor-element-populated\">\n\t\t\t\t\t\t<div class=\"elementor-element elementor-element-8cffb06 elementor-widget elementor-widget-image\" data-id=\"8cffb06\" data-element_type=\"widget\" data-e-type=\"widget\" data-widget_type=\"image.default\">\n\t\t\t\t<div class=\"elementor-widget-container\">\n\t\t\t\t\t\t\t\t\t\t\t\t\t\t\t<img decoding=\"async\" width=\"1024\" height=\"683\" src=\"https:\/\/www.dorinemansuy.fr\/photographe\/wp-content\/uploads\/2022\/11\/studio-1024x683.jpg\" class=\"attachment-large size-large wp-image-5340\" alt=\"\" srcset=\"https:\/\/www.dorinemansuy.fr\/photographe\/wp-content\/uploads\/2022\/11\/studio-1024x683.jpg 1024w, https:\/\/www.dorinemansuy.fr\/photographe\/wp-content\/uploads\/2022\/11\/studio-300x200.jpg 300w, https:\/\/www.dorinemansuy.fr\/photographe\/wp-content\/uploads\/2022\/11\/studio-768x512.jpg 768w, https:\/\/www.dorinemansuy.fr\/photographe\/wp-content\/uploads\/2022\/11\/studio-1536x1024.jpg 1536w, https:\/\/www.dorinemansuy.fr\/photographe\/wp-content\/uploads\/2022\/11\/studio-2048x1365.jpg 2048w\" sizes=\"(max-width: 1024px) 100vw, 1024px\" \/>\t\t\t\t\t\t\t\t\t\t\t\t\t\t\t<\/div>\n\t\t\t\t<\/div>\n\t\t\t\t\t<\/div>\n\t\t<\/div>\n\t\t\t\t<div class=\"elementor-column elementor-col-50 elementor-top-column elementor-element elementor-element-18a658f\" data-id=\"18a658f\" data-element_type=\"column\" data-e-type=\"column\">\n\t\t\t<div class=\"elementor-widget-wrap elementor-element-populated\">\n\t\t\t\t\t\t<div class=\"elementor-element elementor-element-ea5d4cf elementor-widget elementor-widget-text-editor\" data-id=\"ea5d4cf\" data-element_type=\"widget\" data-e-type=\"widget\" data-widget_type=\"text-editor.default\">\n\t\t\t\t<div class=\"elementor-widget-container\">\n\t\t\t\t\t\t\t\t\t<h2>Le studio<\/h2><p>Avant chaque shooting, le studio \u00a0est chauff\u00e9.\u00a0<\/p><p>La s\u00e9ance peut commencer dans un environnement apaisant et calme.<\/p><p>Gr\u00e2ce \u00e0 un \u00e9quipement professionnel, diff\u00e9rents fonds de couleurs, \u00e9clairages de studio et mes conseils pour vous guider dans vos attitudes et vous mettre en sc\u00e8ne naturellement sans jamais avoir l&rsquo;impression de poser, nous composerons ensemble des photos qui vous ressemblent, toujours dans une ambiance d\u00e9contract\u00e9e.<\/p>\t\t\t\t\t\t\t\t<\/div>\n\t\t\t\t<\/div>\n\t\t\t\t\t<\/div>\n\t\t<\/div>\n\t\t\t\t\t<\/div>\n\t\t<\/section>\n\t\t\t\t<section class=\"elementor-section elementor-top-section elementor-element elementor-element-95c7cf2 elementor-section-boxed elementor-section-height-default elementor-section-height-default\" data-id=\"95c7cf2\" data-element_type=\"section\" data-e-type=\"section\">\n\t\t\t\t\t\t<div class=\"elementor-container elementor-column-gap-default\">\n\t\t\t\t\t<div class=\"elementor-column elementor-col-100 elementor-top-column elementor-element elementor-element-6983992\" data-id=\"6983992\" data-element_type=\"column\" data-e-type=\"column\">\n\t\t\t<div class=\"elementor-widget-wrap elementor-element-populated\">\n\t\t\t\t\t\t<div class=\"elementor-element elementor-element-0744c77 content-align-center elementor-widget elementor-widget-art-light-button\" data-id=\"0744c77\" data-element_type=\"widget\" data-e-type=\"widget\" data-widget_type=\"art-light-button.default\">\n\t\t\t\t<div class=\"elementor-widget-container\">\n\t\t\t\t\t\n\n        \n                    <div class=\"art-widget-button art--aliment-center art--aliment-tablet- art--aliment-mobile-\">\n                        <a href=\"#art-default-popap-69db5ddf51bbd\" class=\"art-button art-button-light art-open-custom-popup\">en savoir plus<\/a>\n                    <\/div>\n\n                    <div id=\"art-default-popap-69db5ddf51bbd\" class=\"zoom-anim-dialog art-default-popap-two mfp-hide\">\n\n                        <h2 class=\"art-form-title\">Demande de r\u00e9servation<\/h2>\n                        <div class=\"art-form-description\"><p>Merci de laisser vos coordonn\u00e9es et de d\u00e9tailler votre demande. Je vous r\u00e9pondrai dans les meilleurs d\u00e9lais<\/p><\/div>\n                        <div class=\"art-form-wrapper\">\n                            \n<div class=\"wpcf7 no-js\" id=\"wpcf7-f4270-o1\" lang=\"fr-FR\" dir=\"ltr\" data-wpcf7-id=\"4270\">\n<div class=\"screen-reader-response\"><p role=\"status\" aria-live=\"polite\" aria-atomic=\"true\"><\/p> <ul><\/ul><\/div>\n<form action=\"\/photographe\/wp-json\/wp\/v2\/pages\/4921#wpcf7-f4270-o1\" method=\"post\" class=\"wpcf7-form init\" aria-label=\"Formulaire de contact\" novalidate=\"novalidate\" data-status=\"init\">\n<fieldset class=\"hidden-fields-container\"><input type=\"hidden\" name=\"_wpcf7\" value=\"4270\" \/><input type=\"hidden\" name=\"_wpcf7_version\" value=\"6.1.5\" \/><input type=\"hidden\" name=\"_wpcf7_locale\" value=\"fr_FR\" \/><input type=\"hidden\" name=\"_wpcf7_unit_tag\" value=\"wpcf7-f4270-o1\" \/><input type=\"hidden\" name=\"_wpcf7_container_post\" value=\"0\" \/><input type=\"hidden\" name=\"_wpcf7_posted_data_hash\" value=\"\" \/>\n<\/fieldset>\n<p><iframe width=\"100%\" height=\"1000\" src=\"https:\/\/www.fotostudio.io\/lead_forms\/424\" frameborder=\"0\" allowfullscreen><\/iframe>\n<\/p><div class=\"wpcf7-response-output\" aria-hidden=\"true\"><\/div>\n<\/form>\n<\/div>\n                        <\/div>\n\n                    <\/div>\n\n                \n\n\n\t\t\t\t\t\t<\/div>\n\t\t\t\t<\/div>\n\t\t\t\t\t<\/div>\n\t\t<\/div>\n\t\t\t\t\t<\/div>\n\t\t<\/section>\n\t\t\t\t<section class=\"elementor-section elementor-top-section elementor-element elementor-element-5dc5701 elementor-section-boxed elementor-section-height-default elementor-section-height-default\" data-id=\"5dc5701\" data-element_type=\"section\" data-e-type=\"section\" data-settings=\"{&quot;background_background&quot;:&quot;classic&quot;}\">\n\t\t\t\t\t\t<div class=\"elementor-container elementor-column-gap-default\">\n\t\t\t\t\t<div class=\"elementor-column elementor-col-100 elementor-top-column elementor-element elementor-element-32533e8\" data-id=\"32533e8\" data-element_type=\"column\" data-e-type=\"column\">\n\t\t\t<div class=\"elementor-widget-wrap elementor-element-populated\">\n\t\t\t\t\t\t<div class=\"elementor-element elementor-element-62bbad2 elementor-widget elementor-widget-heading\" data-id=\"62bbad2\" data-element_type=\"widget\" data-e-type=\"widget\" data-widget_type=\"heading.default\">\n\t\t\t\t<div class=\"elementor-widget-container\">\n\t\t\t\t\t<h2 class=\"elementor-heading-title elementor-size-default\">Instagram<\/h2>\t\t\t\t<\/div>\n\t\t\t\t<\/div>\n\t\t\t\t<div class=\"elementor-element elementor-element-c6eb22b elementor-widget elementor-widget-shortcode\" data-id=\"c6eb22b\" data-element_type=\"widget\" data-e-type=\"widget\" data-widget_type=\"shortcode.default\">\n\t\t\t\t<div class=\"elementor-widget-container\">\n\t\t\t\t\t\t\t<div class=\"elementor-shortcode\">\t\t<div id=\"instagram-gallery-feed-1\" class=\"instagram-gallery-feed\" data-feed=\"{&quot;id&quot;:1,&quot;account_id&quot;:&quot;3799796840144353&quot;,&quot;source&quot;:&quot;username&quot;,&quot;tag&quot;:&quot;wordpress&quot;,&quot;order_by&quot;:&quot;top_media&quot;,&quot;layout&quot;:&quot;gallery&quot;,&quot;limit&quot;:7,&quot;columns&quot;:3,&quot;spacing&quot;:10,&quot;lazy&quot;:true,&quot;responsive&quot;:{&quot;desktop&quot;:{&quot;columns&quot;:3,&quot;spacing&quot;:10},&quot;tablet&quot;:{&quot;columns&quot;:2,&quot;spacing&quot;:8},&quot;mobile&quot;:{&quot;columns&quot;:1,&quot;spacing&quot;:6},&quot;breakpoints&quot;:{&quot;tablet&quot;:768,&quot;mobile&quot;:480}},&quot;aspect_ratio&quot;:{&quot;width&quot;:1,&quot;height&quot;:1},&quot;highlight&quot;:{&quot;tag&quot;:&quot;&quot;,&quot;id&quot;:&quot;&quot;,&quot;position&quot;:&quot;1,3,5&quot;},&quot;reel&quot;:{&quot;hide&quot;:true},&quot;copyright&quot;:{&quot;hide&quot;:false,&quot;placeholder&quot;:&quot;&quot;},&quot;profile&quot;:{&quot;display&quot;:false,&quot;username&quot;:&quot;&quot;,&quot;nickname&quot;:&quot;&quot;,&quot;website&quot;:&quot;&quot;,&quot;biography&quot;:&quot;&quot;,&quot;link_text&quot;:&quot;Follow&quot;,&quot;website_text&quot;:&quot;Website&quot;,&quot;avatar&quot;:&quot;&quot;},&quot;box&quot;:{&quot;display&quot;:false,&quot;padding&quot;:1,&quot;radius&quot;:0,&quot;background&quot;:&quot;#fefefe&quot;,&quot;profile&quot;:false,&quot;desc&quot;:&quot;&quot;,&quot;text_color&quot;:&quot;#000000&quot;},&quot;mask&quot;:{&quot;display&quot;:true,&quot;background&quot;:&quot;rgba(0,0,0,0.4)&quot;,&quot;icon_color&quot;:&quot;#ffffff&quot;,&quot;likes_count&quot;:true,&quot;comments_count&quot;:true},&quot;card&quot;:{&quot;display&quot;:false,&quot;radius&quot;:1,&quot;font_size&quot;:12,&quot;background&quot;:&quot;#ffffff&quot;,&quot;background_hover&quot;:&quot;&quot;,&quot;text_color&quot;:&quot;#000000&quot;,&quot;padding&quot;:5,&quot;likes_count&quot;:true,&quot;text_length&quot;:10,&quot;comments_count&quot;:true,&quot;text_align&quot;:&quot;left&quot;},&quot;carousel&quot;:{&quot;centered_slides&quot;:false,&quot;autoplay&quot;:false,&quot;autoplay_interval&quot;:3000,&quot;navarrows&quot;:true,&quot;navarrows_color&quot;:&quot;&quot;,&quot;pagination&quot;:true,&quot;pagination_color&quot;:&quot;&quot;},&quot;modal&quot;:{&quot;display&quot;:false,&quot;profile&quot;:false,&quot;media_description&quot;:true,&quot;likes_count&quot;:true,&quot;comments_count&quot;:true,&quot;comments_list&quot;:false,&quot;text_align&quot;:&quot;left&quot;,&quot;modal_align&quot;:&quot;right&quot;,&quot;text_length&quot;:10000,&quot;font_size&quot;:12},&quot;button&quot;:{&quot;display&quot;:false,&quot;text&quot;:&quot;Voir ma page Instagram&quot;,&quot;text_color&quot;:&quot;#ffff&quot;,&quot;background&quot;:&quot;&quot;,&quot;background_hover&quot;:&quot;&quot;},&quot;button_load&quot;:{&quot;display&quot;:false,&quot;text&quot;:&quot;Load more...&quot;,&quot;text_color&quot;:&quot;#ffff&quot;,&quot;background&quot;:&quot;&quot;,&quot;background_hover&quot;:&quot;&quot;}}\">\n\t\t<!-- <FeedContainer\/> -->\n\t\t<\/div>\n\t\t<\/div>\n\t\t\t\t\t\t<\/div>\n\t\t\t\t<\/div>\n\t\t\t\t\t<\/div>\n\t\t<\/div>\n\t\t\t\t\t<\/div>\n\t\t<\/section>\n\t\t\t\t<\/div>\n\t\t","protected":false},"excerpt":{"rendered":"<p>Le studio Studio de photographies Uniquement sur rendez-vous Dorine Mansuy Photographe 18 Rue de La Treille &#8211; 60270 &#8211;\u00a0 Gouvieux Accueil &amp; Confort Je vous accueille dans mon home studio situ\u00e9 \u00e0 Gouvieux \u00e0 quelques minutes de la gare de Chantilly. Un home studio, c\u2019est un studio photo professionnel situ\u00e9 dans un espace am\u00e9nag\u00e9 de [&hellip;]<\/p>\n","protected":false},"author":2,"featured_media":0,"parent":0,"menu_order":0,"comment_status":"closed","ping_status":"closed","template":"elementor-template.php","meta":{"inline_featured_image":false,"footnotes":""},"class_list":["post-4921","page","type-page","status-publish","hentry"],"aioseo_notices":[],"_links":{"self":[{"href":"https:\/\/www.dorinemansuy.fr\/photographe\/wp-json\/wp\/v2\/pages\/4921","targetHints":{"allow":["GET"]}}],"collection":[{"href":"https:\/\/www.dorinemansuy.fr\/photographe\/wp-json\/wp\/v2\/pages"}],"about":[{"href":"https:\/\/www.dorinemansuy.fr\/photographe\/wp-json\/wp\/v2\/types\/page"}],"author":[{"embeddable":true,"href":"https:\/\/www.dorinemansuy.fr\/photographe\/wp-json\/wp\/v2\/users\/2"}],"replies":[{"embeddable":true,"href":"https:\/\/www.dorinemansuy.fr\/photographe\/wp-json\/wp\/v2\/comments?post=4921"}],"version-history":[{"count":113,"href":"https:\/\/www.dorinemansuy.fr\/photographe\/wp-json\/wp\/v2\/pages\/4921\/revisions"}],"predecessor-version":[{"id":5593,"href":"https:\/\/www.dorinemansuy.fr\/photographe\/wp-json\/wp\/v2\/pages\/4921\/revisions\/5593"}],"wp:attachment":[{"href":"https:\/\/www.dorinemansuy.fr\/photographe\/wp-json\/wp\/v2\/media?parent=4921"}],"curies":[{"name":"wp","href":"https:\/\/api.w.org\/{rel}","templated":true}]}}